


{"id":12587,"date":"2023-12-06T16:39:06","date_gmt":"2023-12-06T21:39:06","guid":{"rendered":"https:\/\/www.westportplayhouse.org\/?page_id=12587"},"modified":"2024-12-26T21:11:48","modified_gmt":"2024-12-27T02:11:48","slug":"a-sherlock-carol-supporting-hole-in-the-wall-gang-camp","status":"publish","type":"page","link":"https:\/\/www.westportplayhouse.org\/es\/a-sherlock-carol-supporting-hole-in-the-wall-gang-camp\/","title":{"rendered":"A Sherlock Carol: Apoyo al campamento de pandillas Hole in the Wall"},"content":{"rendered":"<p data-pm-slice=\"1 1 []\">Como<em> <strong>A<\/strong><strong> Sherlock Carol<\/strong><\/em> regresa al Playhouse este diciembre, una vez m\u00e1s vamos a recaudar fondos para The Hole in the Wall Gang Camp, fundado en 1988 por Paul Newman, con discursos de tel\u00f3n invitando a donaciones de la audiencia en el esp\u00edritu de dar en esta temporada navide\u00f1a.<\/p>\n<p>El campamento de pandillas Hole in the Wall ofrece anualmente \u201cun tipo diferente de curaci\u00f3n\u201d a miles de ni\u00f1os con enfermedades graves y a sus familias, todo de forma totalmente gratuita. Para muchos de estos ni\u00f1os y familias, Hole in the Wall ofrece m\u00faltiples experiencias de campamento durante todo el a\u00f1o en las instalaciones de Ashford, Connecticut, en docenas de hospitales y cl\u00ednicas, directamente en casas y comunidades para campistas, y a trav\u00e9s de otras actividades de extensi\u00f3n en todo el noreste. y el Atl\u00e1ntico medio.<\/p>\n<p>\u201cA lo largo de los a\u00f1os, he tenido una asociaci\u00f3n orgullosa con The Hole In The Wall Gang Camp\u201d, dijo el dramaturgo y director de <em>Un villancico de Sherlock<\/em>, Mark Shanahan. \u201cDe hecho, fue conocer a los campistas, a sus familiares y al personal del campamento lo que me inspir\u00f3 a imaginar <em>Un villancico de Sherlock<\/em>El Tiny Tim adulto es alguien que, con un poco de ayuda de cierto benefactor, luch\u00f3 contra la enfermedad y ayud\u00f3 a otros a hacer lo mismo. Y tal como lo hizo Scrooge, todos podemos mantener la Navidad en nuestros corazones durante todo el a\u00f1o donando a esta extraordinaria organizaci\u00f3n\u201d.<\/p>\n<p>Haz una donaci\u00f3n en el enlace <a href=\"https:\/\/give.holeinthewallgang.org\/give\/645492\/#!\/donation\/checkout\"><strong>AQU\u00cd<\/strong><\/a> o escanear el c\u00f3digo QR.<\/p>\n<p>En nuestro lobby habr\u00e1 carteles con el c\u00f3digo QR para realizar una donaci\u00f3n.<\/p>\n<p><img loading=\"lazy\" decoding=\"async\" class=\"size-medium wp-image-18205 aligncenter\" src=\"http:\/\/www.westportplayhouse.org\/wp-content\/uploads\/2024\/12\/2024-QR-The-Hole-in-the-Wall-Gang-Camp-296x300.jpeg\" alt=\"\" width=\"296\" height=\"300\" srcset=\"https:\/\/www.westportplayhouse.org\/wp-content\/uploads\/2024\/12\/2024-QR-The-Hole-in-the-Wall-Gang-Camp-296x300.jpeg 296w, https:\/\/www.westportplayhouse.org\/wp-content\/uploads\/2024\/12\/2024-QR-The-Hole-in-the-Wall-Gang-Camp-1010x1024.jpeg 1010w, https:\/\/www.westportplayhouse.org\/wp-content\/uploads\/2024\/12\/2024-QR-The-Hole-in-the-Wall-Gang-Camp-768x779.jpeg 768w, https:\/\/www.westportplayhouse.org\/wp-content\/uploads\/2024\/12\/2024-QR-The-Hole-in-the-Wall-Gang-Camp-12x12.jpeg 12w, https:\/\/www.westportplayhouse.org\/wp-content\/uploads\/2024\/12\/2024-QR-The-Hole-in-the-Wall-Gang-Camp.jpeg 1284w\" sizes=\"auto, (max-width: 296px) 100vw, 296px\" \/><\/p>\n<p>Obtenga m\u00e1s informaci\u00f3n sobre el campamento de pandillas The Hole in the Wall en <a class=\"ProsemirrorEditor-link\" href=\"http:\/\/www.holeinthewallgang.org\/\">www.holeinthewallgang.org<\/a>.<\/p>","protected":false},"excerpt":{"rendered":"<p>Cuando A Sherlock Carol regrese al Playhouse este diciembre, una vez m\u00e1s recaudaremos fondos para The Hole in the Wall Gang Camp, fundado en 1988 [\u2026]<\/p>","protected":false},"author":13,"featured_media":0,"parent":0,"menu_order":0,"comment_status":"closed","ping_status":"closed","template":"","meta":{"footnotes":""},"class_list":["post-12587","page","type-page","status-publish","hentry"],"_links":{"self":[{"href":"https:\/\/www.westportplayhouse.org\/es\/wp-json\/wp\/v2\/pages\/12587","targetHints":{"allow":["GET"]}}],"collection":[{"href":"https:\/\/www.westportplayhouse.org\/es\/wp-json\/wp\/v2\/pages"}],"about":[{"href":"https:\/\/www.westportplayhouse.org\/es\/wp-json\/wp\/v2\/types\/page"}],"author":[{"embeddable":true,"href":"https:\/\/www.westportplayhouse.org\/es\/wp-json\/wp\/v2\/users\/13"}],"replies":[{"embeddable":true,"href":"https:\/\/www.westportplayhouse.org\/es\/wp-json\/wp\/v2\/comments?post=12587"}],"version-history":[{"count":14,"href":"https:\/\/www.westportplayhouse.org\/es\/wp-json\/wp\/v2\/pages\/12587\/revisions"}],"predecessor-version":[{"id":18532,"href":"https:\/\/www.westportplayhouse.org\/es\/wp-json\/wp\/v2\/pages\/12587\/revisions\/18532"}],"wp:attachment":[{"href":"https:\/\/www.westportplayhouse.org\/es\/wp-json\/wp\/v2\/media?parent=12587"}],"curies":[{"name":"wp","href":"https:\/\/api.w.org\/{rel}","templated":true}]}}