


{"id":13212,"date":"2024-01-18T14:07:52","date_gmt":"2024-01-18T19:07:52","guid":{"rendered":"https:\/\/www.westportplayhouse.org\/?page_id=13212"},"modified":"2025-07-17T14:57:41","modified_gmt":"2025-07-17T18:57:41","slug":"mainstage-season-subscription","status":"publish","type":"page","link":"https:\/\/www.westportplayhouse.org\/es\/mainstage-season-subscription\/","title":{"rendered":"Suscripci\u00f3n de temporada principal"},"content":{"rendered":"<p>\u00bfEres amante del teatro y quieres beneficios para las producciones teatrales del Playhouse? \u00a1Entonces convi\u00e9rtete en suscriptor de la temporada de Mainstage hoy y mant\u00e9n la obra en Playhouse!<\/p>\n<p>Una suscripci\u00f3n a la temporada de Mainstage es una suscripci\u00f3n anual que garantiza que siempre tendr\u00e1s una entrada para nuestra temporada de teatro. Los beneficios de una suscripci\u00f3n de temporada Mainstage incluyen:<\/p>\n<ul>\n<li><strong>\u00a1AHORROS!<\/strong> Ahorre hasta 35% en precios de entradas sencillas para nuestras 3 producciones principales.<\/li>\n<li><strong>\u00a1PRIORIDAD!<\/strong> Los paquetes de temporada salen a la venta antes que los billetes sencillos, por lo que podr\u00e1s elegir las fechas y los asientos primero.<\/li>\n<li><strong>\u00a1ASIENTOS! <\/strong>Elija y conserve su asiento durante toda la temporada antes de que los boletos salgan a la venta al p\u00fablico, con la oportunidad de cambiar o mejorar su ubicaci\u00f3n en el momento de la renovaci\u00f3n.<\/li>\n<li><strong>\u00a1DESCUENTOS!<\/strong> Ahorre dinero en los restaurantes locales de Westport cuando salga a comer con nuestros socios gastron\u00f3micos.<\/li>\n<li><strong>\u00a1FLEXIBILIDAD!<\/strong> \u00bfNo puedes hacer una actuaci\u00f3n? No te preocupes: tienes la posibilidad de cambiar tu entrada por cualquier otra producci\u00f3n de nuestra temporada principal.<\/li>\n<li><strong>\u00a1TRAER UN AMIGO!<\/strong> Obt\u00e9n descuentos en entradas adicionales para nuestra temporada principal.<\/li>\n<\/ul>\n<p><strong>\u00a1LA TEMPORADA 2025-2026 HA SIDO ANUNCIADA Y EST\u00c1 A LA VENTA!<\/strong><\/p>\n<h3><strong>\u00a1COMPRA TUS ENTRADAS YA!<\/strong><\/h3>\n<h3><a href=\"https:\/\/www.westportplayhouse.org\/es\/seasontix\/\" class=\"btn btn-primary\">Nuevo <strong>suscripciones<\/strong> Se puede comprar online AQU\u00cd<\/a><\/h3>\n<h3><a href=\"https:\/\/tickets.westportplayhouse.org\/packages\/renewals\" class=\"btn btn-primary\"><strong>Suscriptores actuales<\/strong> Pueden renovar sus suscripciones en l\u00ednea AQU\u00cd<\/a><\/h3>\n<h4><strong>Las entradas individuales est\u00e1n a la venta a trav\u00e9s de las p\u00e1ginas del evento.<\/strong><\/h4>\n<h4><strong><span style=\"font-size: 16px;\">\u00a1No te pierdas todo el incre\u00edble teatro que llega al Playhouse esta temporada!<\/span><\/strong><\/h4>\n<p>&nbsp;<\/p>","protected":false},"excerpt":{"rendered":"<p>\u00bfEres amante del teatro y quieres beneficios para las producciones teatrales del Playhouse? \u00a1Entonces convi\u00e9rtete en suscriptor de la temporada de Mainstage hoy y mant\u00e9n la obra en Playhouse! Una suscripci\u00f3n a la temporada principal [\u2026]<\/p>","protected":false},"author":7,"featured_media":0,"parent":0,"menu_order":0,"comment_status":"closed","ping_status":"closed","template":"","meta":{"footnotes":""},"class_list":["post-13212","page","type-page","status-publish","hentry"],"_links":{"self":[{"href":"https:\/\/www.westportplayhouse.org\/es\/wp-json\/wp\/v2\/pages\/13212","targetHints":{"allow":["GET"]}}],"collection":[{"href":"https:\/\/www.westportplayhouse.org\/es\/wp-json\/wp\/v2\/pages"}],"about":[{"href":"https:\/\/www.westportplayhouse.org\/es\/wp-json\/wp\/v2\/types\/page"}],"author":[{"embeddable":true,"href":"https:\/\/www.westportplayhouse.org\/es\/wp-json\/wp\/v2\/users\/7"}],"replies":[{"embeddable":true,"href":"https:\/\/www.westportplayhouse.org\/es\/wp-json\/wp\/v2\/comments?post=13212"}],"version-history":[{"count":26,"href":"https:\/\/www.westportplayhouse.org\/es\/wp-json\/wp\/v2\/pages\/13212\/revisions"}],"predecessor-version":[{"id":22898,"href":"https:\/\/www.westportplayhouse.org\/es\/wp-json\/wp\/v2\/pages\/13212\/revisions\/22898"}],"wp:attachment":[{"href":"https:\/\/www.westportplayhouse.org\/es\/wp-json\/wp\/v2\/media?parent=13212"}],"curies":[{"name":"wp","href":"https:\/\/api.w.org\/{rel}","templated":true}]}}