


{"id":13833,"date":"2024-02-23T18:30:18","date_gmt":"2024-02-23T23:30:18","guid":{"rendered":"https:\/\/www.westportplayhouse.org\/?page_id=13833"},"modified":"2025-01-03T13:15:58","modified_gmt":"2025-01-03T18:15:58","slug":"mic-in-hand","status":"publish","type":"page","link":"https:\/\/www.westportplayhouse.org\/es\/mic-in-hand\/","title":{"rendered":"Serie Micr\u00f3fono en mano"},"content":{"rendered":"<p>Mic in Hand comenz\u00f3 en 2023 como un spin-off de nuestro <a href=\"https:\/\/www.westportplayhouse.org\/es\/script-in-hand-series-2024\/\">Serie Gui\u00f3n en Mano<\/a> con *AGOTADO* <a href=\"https:\/\/www.westportplayhouse.org\/es\/show\/ari-axelrod\/\"><strong>Arkansas<em>yo Axelrod<\/em><\/strong><\/a><em>\u00a0&#8211; <strong>Un lugar para nosotros: una celebraci\u00f3n del Broadway jud\u00edo.<\/strong><\/em><\/p>\n<p>\u00a1Ahora, en 2024, Mic in Hand tendr\u00e1 su propia serie completa!<\/p>\n<p>Est\u00e9n atentos mientras anunciamos m\u00e1s eventos pr\u00f3ximamente.<\/p>","protected":false},"excerpt":{"rendered":"<p>Mic in Hand comenz\u00f3 en 2023 como un spin-off de nuestra serie Script in Hand con *AGOTADO* Ari Axelrod \u2013 A Place For Us: A Celebration of Jewish Broadway. Ahora [\u2026]<\/p>","protected":false},"author":13,"featured_media":13877,"parent":0,"menu_order":0,"comment_status":"closed","ping_status":"closed","template":"","meta":{"footnotes":""},"class_list":["post-13833","page","type-page","status-publish","has-post-thumbnail","hentry"],"_links":{"self":[{"href":"https:\/\/www.westportplayhouse.org\/es\/wp-json\/wp\/v2\/pages\/13833","targetHints":{"allow":["GET"]}}],"collection":[{"href":"https:\/\/www.westportplayhouse.org\/es\/wp-json\/wp\/v2\/pages"}],"about":[{"href":"https:\/\/www.westportplayhouse.org\/es\/wp-json\/wp\/v2\/types\/page"}],"author":[{"embeddable":true,"href":"https:\/\/www.westportplayhouse.org\/es\/wp-json\/wp\/v2\/users\/13"}],"replies":[{"embeddable":true,"href":"https:\/\/www.westportplayhouse.org\/es\/wp-json\/wp\/v2\/comments?post=13833"}],"version-history":[{"count":16,"href":"https:\/\/www.westportplayhouse.org\/es\/wp-json\/wp\/v2\/pages\/13833\/revisions"}],"predecessor-version":[{"id":18553,"href":"https:\/\/www.westportplayhouse.org\/es\/wp-json\/wp\/v2\/pages\/13833\/revisions\/18553"}],"wp:featuredmedia":[{"embeddable":true,"href":"https:\/\/www.westportplayhouse.org\/es\/wp-json\/wp\/v2\/media\/13877"}],"wp:attachment":[{"href":"https:\/\/www.westportplayhouse.org\/es\/wp-json\/wp\/v2\/media?parent=13833"}],"curies":[{"name":"wp","href":"https:\/\/api.w.org\/{rel}","templated":true}]}}