


{"id":1586,"date":"2020-12-01T18:22:52","date_gmt":"2020-12-01T18:22:52","guid":{"rendered":"https:\/\/www.westportplayhouse.org\/?page_id=1586"},"modified":"2024-04-26T14:41:14","modified_gmt":"2024-04-26T18:41:14","slug":"packages","status":"publish","type":"page","link":"https:\/\/www.westportplayhouse.org\/es\/packages\/","title":{"rendered":"Paquetes de boletos de temporada"},"content":{"rendered":"<h2 style=\"text-align: center;\">Garant\u00edcese un lugar en el teatro, este a\u00f1o, todos los a\u00f1os.<\/h2>\n<p>Siempre ten algo que esperar. Haga fechas para reunirse con amigos y familiares. Sepa que varias veces al a\u00f1o lo entretendr\u00e1n, lo emocionar\u00e1n, lo har\u00e1n llorar de alegr\u00eda, ver\u00e1 el mundo a trav\u00e9s de nuevos ojos y tal vez incluso se sentir\u00e1 un poco inc\u00f3modo, \u00a1en el buen sentido! Todas son excelentes razones para comprar un paquete de boletos de temporada para el Playhouse.<\/p>\n<p>Adem\u00e1s, hay <strong>ventajas de las que solo disfrutan los abonados:<\/strong><\/p>","protected":false},"excerpt":{"rendered":"<p>Garant\u00edzate un lugar en el teatro, este a\u00f1o, todos los a\u00f1os. Siempre tienes algo que esperar. Programe citas para reunirse con amigos y familiares. Sepa que varios [\u2026]<\/p>","protected":false},"author":11,"featured_media":1429,"parent":0,"menu_order":42,"comment_status":"closed","ping_status":"closed","template":"","meta":{"footnotes":""},"class_list":["post-1586","page","type-page","status-publish","has-post-thumbnail","hentry"],"_links":{"self":[{"href":"https:\/\/www.westportplayhouse.org\/es\/wp-json\/wp\/v2\/pages\/1586","targetHints":{"allow":["GET"]}}],"collection":[{"href":"https:\/\/www.westportplayhouse.org\/es\/wp-json\/wp\/v2\/pages"}],"about":[{"href":"https:\/\/www.westportplayhouse.org\/es\/wp-json\/wp\/v2\/types\/page"}],"author":[{"embeddable":true,"href":"https:\/\/www.westportplayhouse.org\/es\/wp-json\/wp\/v2\/users\/11"}],"replies":[{"embeddable":true,"href":"https:\/\/www.westportplayhouse.org\/es\/wp-json\/wp\/v2\/comments?post=1586"}],"version-history":[{"count":23,"href":"https:\/\/www.westportplayhouse.org\/es\/wp-json\/wp\/v2\/pages\/1586\/revisions"}],"predecessor-version":[{"id":15061,"href":"https:\/\/www.westportplayhouse.org\/es\/wp-json\/wp\/v2\/pages\/1586\/revisions\/15061"}],"wp:featuredmedia":[{"embeddable":true,"href":"https:\/\/www.westportplayhouse.org\/es\/wp-json\/wp\/v2\/media\/1429"}],"wp:attachment":[{"href":"https:\/\/www.westportplayhouse.org\/es\/wp-json\/wp\/v2\/media?parent=1586"}],"curies":[{"name":"wp","href":"https:\/\/api.w.org\/{rel}","templated":true}]}}