


{"id":21039,"date":"2025-05-16T14:26:43","date_gmt":"2025-05-16T18:26:43","guid":{"rendered":"https:\/\/www.westportplayhouse.org\/?page_id=21039"},"modified":"2025-12-15T11:53:20","modified_gmt":"2025-12-15T16:53:20","slug":"2025-2026-season","status":"publish","type":"page","link":"https:\/\/www.westportplayhouse.org\/es\/2025-2026-season\/","title":{"rendered":"Temporada 2025\/2026"},"content":{"rendered":"<h2><span style=\"color: #f26522;\">La temporada 2025\/26 en Westport Country Playhouse<\/span><\/h2>\n<h3><strong>Seis espect\u00e1culos. Una temporada espectacular de teatro durante todo el a\u00f1o.<\/strong><\/h3>\n<p><strong>\u00a1En el Playhouse siempre hay algo emocionante en temporada!<\/strong><\/p>\n<p class=\"p2\">Al otro lado de <strong>tres grandes producciones teatrales<\/strong> <strong>y<\/strong> <strong>tres \u201ccomplementos\u201d m\u00e1s cortos<\/strong>,<strong>\u201d<\/strong> Nuestra nueva temporada est\u00e1 repleta de fant\u00e1sticos espect\u00e1culos que te har\u00e1n volver al Playhouse una y otra vez.<\/p>\n<p>Ya sea una comedia cl\u00e1sica para comenzar el oto\u00f1o con ingenio y encanto, un conmovedor cuento navide\u00f1o, una noche de m\u00fasica de Big Band para animar el invierno o una tierna y galardonada obra estadounidense que florece en primavera, cada visita al Playhouse le ofrecer\u00e1 algo fresco, sorprendente e inolvidable. Y cuando llegue el verano, refrescaremos el ambiente con una escalofriante novela de misterio de la Reina del Crimen que le mantendr\u00e1 en vilo hasta que caiga el tel\u00f3n.<\/p>\n<p>A continuaci\u00f3n, encontrar\u00e1 detalles sobre cada una de las producciones que esperamos producir el pr\u00f3ximo a\u00f1o.<\/p>","protected":false},"excerpt":{"rendered":"<p>Temporada 2025\/26 en Westport Country Playhouse: Seis funciones. Una temporada espectacular de teatro durante todo el a\u00f1o. \u00a1Siempre hay algo emocionante en la temporada del Playhouse! En tres escenarios principales [\u2026]<\/p>","protected":false},"author":13,"featured_media":0,"parent":0,"menu_order":0,"comment_status":"closed","ping_status":"closed","template":"","meta":{"footnotes":""},"class_list":["post-21039","page","type-page","status-publish","hentry"],"_links":{"self":[{"href":"https:\/\/www.westportplayhouse.org\/es\/wp-json\/wp\/v2\/pages\/21039","targetHints":{"allow":["GET"]}}],"collection":[{"href":"https:\/\/www.westportplayhouse.org\/es\/wp-json\/wp\/v2\/pages"}],"about":[{"href":"https:\/\/www.westportplayhouse.org\/es\/wp-json\/wp\/v2\/types\/page"}],"author":[{"embeddable":true,"href":"https:\/\/www.westportplayhouse.org\/es\/wp-json\/wp\/v2\/users\/13"}],"replies":[{"embeddable":true,"href":"https:\/\/www.westportplayhouse.org\/es\/wp-json\/wp\/v2\/comments?post=21039"}],"version-history":[{"count":45,"href":"https:\/\/www.westportplayhouse.org\/es\/wp-json\/wp\/v2\/pages\/21039\/revisions"}],"predecessor-version":[{"id":24473,"href":"https:\/\/www.westportplayhouse.org\/es\/wp-json\/wp\/v2\/pages\/21039\/revisions\/24473"}],"wp:attachment":[{"href":"https:\/\/www.westportplayhouse.org\/es\/wp-json\/wp\/v2\/media?parent=21039"}],"curies":[{"name":"wp","href":"https:\/\/api.w.org\/{rel}","templated":true}]}}