


{"id":3839,"date":"2021-05-11T00:34:58","date_gmt":"2021-05-11T00:34:58","guid":{"rendered":"https:\/\/www.westportplayhouse.org\/?page_id=3839"},"modified":"2022-08-15T14:39:27","modified_gmt":"2022-08-15T14:39:27","slug":"covid19safety","status":"publish","type":"page","link":"https:\/\/www.westportplayhouse.org\/es\/visit\/covid19safety\/","title":{"rendered":"Pautas de salud y seguridad de COVID 19"},"content":{"rendered":"<h2><span style=\"color: #ea380f;\">Juntos podemos mantener segura a nuestra comunidad y asistir al teatro.<\/span><\/h2>\n<p>Nuestra comunidad se ha unido: nos hemos estado distanciando, usando m\u00e1scaras y vacunandonos. De hecho, a trav\u00e9s de nuestra encuesta de audiencia en curso, sabemos que 99% de ustedes est\u00e1n vacunados.<\/p>\n<p>Y le hemos hecho la promesa de ajustar nuestras pol\u00edticas seg\u00fan las condiciones actuales, la ciencia y las pautas de los CDC y el funcionario de salud p\u00fablica.<\/p>\n<p>Hemos descrito el proceso para determinar nuestras pol\u00edticas y protocolos, as\u00ed como lo que le pedimos a nuestra audiencia que haga para ayudar a mantenernos a todos seguros.<\/p>\n<p>\u00daltima actualizaci\u00f3n: 11 de agosto de 2022.<\/p>","protected":false},"excerpt":{"rendered":"<p>Juntos podemos mantener segura a nuestra comunidad y asistir al teatro. Nuestra comunidad se ha unido: nos hemos distanciado, usado m\u00e1scaras y vacun\u00e1ndonos. De hecho, a trav\u00e9s de nuestra encuesta de audiencia en curso, [\u2026]<\/p>","protected":false},"author":11,"featured_media":0,"parent":11,"menu_order":0,"comment_status":"closed","ping_status":"closed","template":"tpl-faqs.php","meta":{"footnotes":""},"class_list":["post-3839","page","type-page","status-publish","hentry"],"_links":{"self":[{"href":"https:\/\/www.westportplayhouse.org\/es\/wp-json\/wp\/v2\/pages\/3839","targetHints":{"allow":["GET"]}}],"collection":[{"href":"https:\/\/www.westportplayhouse.org\/es\/wp-json\/wp\/v2\/pages"}],"about":[{"href":"https:\/\/www.westportplayhouse.org\/es\/wp-json\/wp\/v2\/types\/page"}],"author":[{"embeddable":true,"href":"https:\/\/www.westportplayhouse.org\/es\/wp-json\/wp\/v2\/users\/11"}],"replies":[{"embeddable":true,"href":"https:\/\/www.westportplayhouse.org\/es\/wp-json\/wp\/v2\/comments?post=3839"}],"version-history":[{"count":71,"href":"https:\/\/www.westportplayhouse.org\/es\/wp-json\/wp\/v2\/pages\/3839\/revisions"}],"predecessor-version":[{"id":8886,"href":"https:\/\/www.westportplayhouse.org\/es\/wp-json\/wp\/v2\/pages\/3839\/revisions\/8886"}],"up":[{"embeddable":true,"href":"https:\/\/www.westportplayhouse.org\/es\/wp-json\/wp\/v2\/pages\/11"}],"wp:attachment":[{"href":"https:\/\/www.westportplayhouse.org\/es\/wp-json\/wp\/v2\/media?parent=3839"}],"curies":[{"name":"wp","href":"https:\/\/api.w.org\/{rel}","templated":true}]}}