


{"id":517,"date":"2020-09-08T16:34:26","date_gmt":"2020-09-08T16:34:26","guid":{"rendered":"http:\/\/playhouse.dev.dogsname.com\/?page_id=517"},"modified":"2025-06-05T12:17:04","modified_gmt":"2025-06-05T16:17:04","slug":"pre-post-show-events","status":"publish","type":"page","link":"https:\/\/www.westportplayhouse.org\/es\/pre-post-show-events\/","title":{"rendered":"Eventos previos y posteriores al espect\u00e1culo"},"content":{"rendered":"<h2 style=\"text-align: center;\"><span style=\"color: #ff6600;\">C\u00f3cteles, m\u00fasica en vivo, informaci\u00f3n tras bambalinas: est\u00e1s invitado a la fiesta. \u00a1Hay algo para todos!<\/span><\/h2>\n<p style=\"text-align: center;\">Eventos en apoyo de nuestras obras de temporada de Mainstage.<\/p>","protected":false},"excerpt":{"rendered":"<p>C\u00f3cteles, m\u00fasica en vivo, informaci\u00f3n detr\u00e1s de escena: est\u00e1s invitado a la fiesta. \u00a1Hay algo para todos! Eventos en apoyo de nuestras obras de temporada de Mainstage.<\/p>","protected":false},"author":1,"featured_media":1531,"parent":0,"menu_order":34,"comment_status":"closed","ping_status":"closed","template":"","meta":{"footnotes":""},"class_list":["post-517","page","type-page","status-publish","has-post-thumbnail","hentry"],"_links":{"self":[{"href":"https:\/\/www.westportplayhouse.org\/es\/wp-json\/wp\/v2\/pages\/517","targetHints":{"allow":["GET"]}}],"collection":[{"href":"https:\/\/www.westportplayhouse.org\/es\/wp-json\/wp\/v2\/pages"}],"about":[{"href":"https:\/\/www.westportplayhouse.org\/es\/wp-json\/wp\/v2\/types\/page"}],"author":[{"embeddable":true,"href":"https:\/\/www.westportplayhouse.org\/es\/wp-json\/wp\/v2\/users\/1"}],"replies":[{"embeddable":true,"href":"https:\/\/www.westportplayhouse.org\/es\/wp-json\/wp\/v2\/comments?post=517"}],"version-history":[{"count":24,"href":"https:\/\/www.westportplayhouse.org\/es\/wp-json\/wp\/v2\/pages\/517\/revisions"}],"predecessor-version":[{"id":21675,"href":"https:\/\/www.westportplayhouse.org\/es\/wp-json\/wp\/v2\/pages\/517\/revisions\/21675"}],"wp:featuredmedia":[{"embeddable":true,"href":"https:\/\/www.westportplayhouse.org\/es\/wp-json\/wp\/v2\/media\/1531"}],"wp:attachment":[{"href":"https:\/\/www.westportplayhouse.org\/es\/wp-json\/wp\/v2\/media?parent=517"}],"curies":[{"name":"wp","href":"https:\/\/api.w.org\/{rel}","templated":true}]}}