


{"id":658,"date":"2020-09-29T15:06:58","date_gmt":"2020-09-29T15:06:58","guid":{"rendered":"http:\/\/playhouse.dev.dogsname.com\/?page_id=658"},"modified":"2025-12-22T15:01:01","modified_gmt":"2025-12-22T20:01:01","slug":"ways-to-give","status":"publish","type":"page","link":"https:\/\/www.westportplayhouse.org\/es\/support\/ways-to-give\/","title":{"rendered":"MANERAS DE DAR"},"content":{"rendered":"<p data-start=\"112\" data-end=\"489\">El 2 de diciembre, ayude a Westport Country Playhouse a seguir siendo un espacio donde florecen historias impactantes, un arte audaz y una participaci\u00f3n comunitaria significativa. Su donaci\u00f3n apoya directamente el trabajo que llevamos a escena: historias que desaf\u00edan, inspiran y generan di\u00e1logo, y garantiza que nuestro teatro siga siendo un vibrante centro cultural para el p\u00fablico de hoy y del futuro.<\/p>\n<p data-start=\"491\" data-end=\"662\">\u00danete a nosotros para defender el teatro en vivo que inspira y conecta.<\/p>\n<ul>\n<li class=\"x_elementToProof\" data-olk-copy-source=\"MessageBody\">Tu regalo es\u00a0<b><i>deducible de impuestos<\/i><\/b>El teatro es una organizaci\u00f3n sin fines de lucro 501(c)(3).<\/li>\n<li class=\"x_elementToProof\">El teatro depende de las donaciones anuales para financiar su presupuesto operativo; la venta de entradas por s\u00ed sola no cubre la totalidad de nuestra programaci\u00f3n.<\/li>\n<li class=\"x_elementToProof\">El Playhouse apoya a nuevos artistas, aportando voces frescas al panorama cultural.<\/li>\n<li class=\"x_elementToProof\">Ofrecemos programas especializados para estudiantes y familias locales.<\/li>\n<\/ul>","protected":false},"excerpt":{"rendered":"<p>Ayude a Westport Country Playhouse a seguir siendo un espacio donde prosperan las historias impactantes, el arte audaz y la participaci\u00f3n comunitaria significativa. Su donaci\u00f3n apoya directamente el trabajo que llevamos a cabo, [\u2026]<\/p>","protected":false},"author":1,"featured_media":159,"parent":15,"menu_order":0,"comment_status":"closed","ping_status":"closed","template":"","meta":{"footnotes":""},"class_list":["post-658","page","type-page","status-publish","has-post-thumbnail","hentry"],"_links":{"self":[{"href":"https:\/\/www.westportplayhouse.org\/es\/wp-json\/wp\/v2\/pages\/658","targetHints":{"allow":["GET"]}}],"collection":[{"href":"https:\/\/www.westportplayhouse.org\/es\/wp-json\/wp\/v2\/pages"}],"about":[{"href":"https:\/\/www.westportplayhouse.org\/es\/wp-json\/wp\/v2\/types\/page"}],"author":[{"embeddable":true,"href":"https:\/\/www.westportplayhouse.org\/es\/wp-json\/wp\/v2\/users\/1"}],"replies":[{"embeddable":true,"href":"https:\/\/www.westportplayhouse.org\/es\/wp-json\/wp\/v2\/comments?post=658"}],"version-history":[{"count":27,"href":"https:\/\/www.westportplayhouse.org\/es\/wp-json\/wp\/v2\/pages\/658\/revisions"}],"predecessor-version":[{"id":24592,"href":"https:\/\/www.westportplayhouse.org\/es\/wp-json\/wp\/v2\/pages\/658\/revisions\/24592"}],"up":[{"embeddable":true,"href":"https:\/\/www.westportplayhouse.org\/es\/wp-json\/wp\/v2\/pages\/15"}],"wp:featuredmedia":[{"embeddable":true,"href":"https:\/\/www.westportplayhouse.org\/es\/wp-json\/wp\/v2\/media\/159"}],"wp:attachment":[{"href":"https:\/\/www.westportplayhouse.org\/es\/wp-json\/wp\/v2\/media?parent=658"}],"curies":[{"name":"wp","href":"https:\/\/api.w.org\/{rel}","templated":true}]}}